{"id":103,"date":"2016-04-25T01:53:04","date_gmt":"2016-04-25T00:53:04","guid":{"rendered":"http:\/\/urbexplorer.dk\/?page_id=103"},"modified":"2021-04-08T16:21:04","modified_gmt":"2021-04-08T15:21:04","slug":"treasurehunt","status":"publish","type":"page","link":"https:\/\/urbexplorer.dk\/index.php\/treasurehunt\/","title":{"rendered":"Treasure Hunt Amager \u00d8st"},"content":{"rendered":"\n<figure class=\"wp-block-image size-large\"><img loading=\"lazy\" width=\"1024\" height=\"536\" src=\"https:\/\/urbexplorer.dk\/wp-content\/uploads\/2021\/03\/collage30-1024x536.jpg\" alt=\"\" class=\"wp-image-2138\" srcset=\"https:\/\/urbexplorer.dk\/wp-content\/uploads\/2021\/03\/collage30-1024x536.jpg 1024w, https:\/\/urbexplorer.dk\/wp-content\/uploads\/2021\/03\/collage30-scaled-800x419.jpg 800w, https:\/\/urbexplorer.dk\/wp-content\/uploads\/2021\/03\/collage30-300x157.jpg 300w, https:\/\/urbexplorer.dk\/wp-content\/uploads\/2021\/03\/collage30-1536x804.jpg 1536w, https:\/\/urbexplorer.dk\/wp-content\/uploads\/2021\/03\/collage30-2048x1072.jpg 2048w, https:\/\/urbexplorer.dk\/wp-content\/uploads\/2021\/03\/collage30-867x454.jpg 867w, https:\/\/urbexplorer.dk\/wp-content\/uploads\/2021\/03\/collage30-1280x670.jpg 1280w\" sizes=\"(max-width: 1024px) 100vw, 1024px\" \/><\/figure>\n\n\n\n<p> <\/p>\n\n\n\n<p>Here are the results of the vote:  <\/p>\n\n\n\n<p>1) Yu Lin Lee<\/p>\n\n\n\n<figure class=\"wp-block-image size-large\"><img loading=\"lazy\" width=\"1024\" height=\"683\" src=\"https:\/\/urbexplorer.dk\/wp-content\/uploads\/2021\/03\/7_YU-1024x683.jpg\" alt=\"\" class=\"wp-image-2158\" srcset=\"https:\/\/urbexplorer.dk\/wp-content\/uploads\/2021\/03\/7_YU-1024x683.jpg 1024w, https:\/\/urbexplorer.dk\/wp-content\/uploads\/2021\/03\/7_YU-scaled-800x533.jpg 800w, https:\/\/urbexplorer.dk\/wp-content\/uploads\/2021\/03\/7_YU-300x200.jpg 300w, https:\/\/urbexplorer.dk\/wp-content\/uploads\/2021\/03\/7_YU-1536x1024.jpg 1536w, https:\/\/urbexplorer.dk\/wp-content\/uploads\/2021\/03\/7_YU-2048x1365.jpg 2048w, https:\/\/urbexplorer.dk\/wp-content\/uploads\/2021\/03\/7_YU-867x578.jpg 867w, https:\/\/urbexplorer.dk\/wp-content\/uploads\/2021\/03\/7_YU-1280x853.jpg 1280w\" sizes=\"(max-width: 1024px) 100vw, 1024px\" \/><\/figure>\n\n\n\n<p><\/p>\n\n\n\n<p><\/p>\n\n\n\n<p><\/p>\n\n\n\n<p>2) Eliaz Frimodt<\/p>\n\n\n\n<figure class=\"wp-block-image size-large\"><img loading=\"lazy\" width=\"1024\" height=\"768\" src=\"https:\/\/urbexplorer.dk\/wp-content\/uploads\/2021\/03\/Fred-Fils-1024x768.jpg\" alt=\"\" class=\"wp-image-2160\" srcset=\"https:\/\/urbexplorer.dk\/wp-content\/uploads\/2021\/03\/Fred-Fils-1024x768.jpg 1024w, https:\/\/urbexplorer.dk\/wp-content\/uploads\/2021\/03\/Fred-Fils-800x600.jpg 800w, https:\/\/urbexplorer.dk\/wp-content\/uploads\/2021\/03\/Fred-Fils-300x225.jpg 300w, https:\/\/urbexplorer.dk\/wp-content\/uploads\/2021\/03\/Fred-Fils-1536x1152.jpg 1536w, https:\/\/urbexplorer.dk\/wp-content\/uploads\/2021\/03\/Fred-Fils-867x650.jpg 867w, https:\/\/urbexplorer.dk\/wp-content\/uploads\/2021\/03\/Fred-Fils-1280x960.jpg 1280w, https:\/\/urbexplorer.dk\/wp-content\/uploads\/2021\/03\/Fred-Fils.jpg 2048w\" sizes=\"(max-width: 1024px) 100vw, 1024px\" \/><\/figure>\n\n\n\n<p><\/p>\n\n\n\n<p><\/p>\n\n\n\n<p><\/p>\n\n\n\n<p>3) Fred Frimodt<\/p>\n\n\n\n<figure class=\"wp-block-image size-large\"><img loading=\"lazy\" width=\"481\" height=\"640\" src=\"https:\/\/urbexplorer.dk\/wp-content\/uploads\/2021\/03\/Fred-1.jpg\" alt=\"\" class=\"wp-image-2161\" srcset=\"https:\/\/urbexplorer.dk\/wp-content\/uploads\/2021\/03\/Fred-1.jpg 481w, https:\/\/urbexplorer.dk\/wp-content\/uploads\/2021\/03\/Fred-1-225x300.jpg 225w\" sizes=\"(max-width: 481px) 100vw, 481px\" \/><\/figure>\n\n\n\n<p><\/p>\n\n\n\n<p><\/p>\n\n\n\n<p><\/p>\n\n\n\n<p>4) Salome Jeganathan <\/p>\n\n\n\n<figure class=\"wp-block-image size-large\"><img loading=\"lazy\" width=\"1024\" height=\"1024\" src=\"https:\/\/urbexplorer.dk\/wp-content\/uploads\/2021\/03\/Salome-1-1024x1024.jpeg\" alt=\"\" class=\"wp-image-2165\" srcset=\"https:\/\/urbexplorer.dk\/wp-content\/uploads\/2021\/03\/Salome-1-1024x1024.jpeg 1024w, https:\/\/urbexplorer.dk\/wp-content\/uploads\/2021\/03\/Salome-1-scaled-100x100.jpeg 100w, https:\/\/urbexplorer.dk\/wp-content\/uploads\/2021\/03\/Salome-1-scaled-800x800.jpeg 800w, https:\/\/urbexplorer.dk\/wp-content\/uploads\/2021\/03\/Salome-1-300x300.jpeg 300w, https:\/\/urbexplorer.dk\/wp-content\/uploads\/2021\/03\/Salome-1-140x140.jpeg 140w, https:\/\/urbexplorer.dk\/wp-content\/uploads\/2021\/03\/Salome-1-1536x1536.jpeg 1536w, https:\/\/urbexplorer.dk\/wp-content\/uploads\/2021\/03\/Salome-1-2048x2048.jpeg 2048w, https:\/\/urbexplorer.dk\/wp-content\/uploads\/2021\/03\/Salome-1-867x867.jpeg 867w, https:\/\/urbexplorer.dk\/wp-content\/uploads\/2021\/03\/Salome-1-1280x1280.jpeg 1280w\" sizes=\"(max-width: 1024px) 100vw, 1024px\" \/><\/figure>\n\n\n\n<p><\/p>\n\n\n\n<p><\/p>\n\n\n\n<p><\/p>\n\n\n\n<p>5)  Hans Christian Riis<\/p>\n\n\n\n<figure class=\"wp-block-image size-large\"><img loading=\"lazy\" width=\"683\" height=\"1024\" src=\"https:\/\/urbexplorer.dk\/wp-content\/uploads\/2021\/03\/HC-Riis-2-1-683x1024.jpg\" alt=\"\" class=\"wp-image-2163\" srcset=\"https:\/\/urbexplorer.dk\/wp-content\/uploads\/2021\/03\/HC-Riis-2-1-683x1024.jpg 683w, https:\/\/urbexplorer.dk\/wp-content\/uploads\/2021\/03\/HC-Riis-2-1-scaled-800x1200.jpg 800w, https:\/\/urbexplorer.dk\/wp-content\/uploads\/2021\/03\/HC-Riis-2-1-200x300.jpg 200w, https:\/\/urbexplorer.dk\/wp-content\/uploads\/2021\/03\/HC-Riis-2-1-1024x1536.jpg 1024w, https:\/\/urbexplorer.dk\/wp-content\/uploads\/2021\/03\/HC-Riis-2-1-1365x2048.jpg 1365w, https:\/\/urbexplorer.dk\/wp-content\/uploads\/2021\/03\/HC-Riis-2-1-867x1301.jpg 867w, https:\/\/urbexplorer.dk\/wp-content\/uploads\/2021\/03\/HC-Riis-2-1-1280x1920.jpg 1280w, https:\/\/urbexplorer.dk\/wp-content\/uploads\/2021\/03\/HC-Riis-2-1-scaled.jpg 1707w\" sizes=\"(max-width: 683px) 100vw, 683px\" \/><\/figure>\n\n\n\n<p><\/p>\n\n\n\n<p><\/p>\n\n\n\n<p><\/p>\n\n\n\n<p>6) Julien Vandamme<\/p>\n\n\n\n<figure class=\"wp-block-image size-large\"><img loading=\"lazy\" width=\"683\" height=\"1024\" src=\"https:\/\/urbexplorer.dk\/wp-content\/uploads\/2021\/03\/Julien-1-683x1024.jpg\" alt=\"\" class=\"wp-image-2164\" srcset=\"https:\/\/urbexplorer.dk\/wp-content\/uploads\/2021\/03\/Julien-1-683x1024.jpg 683w, https:\/\/urbexplorer.dk\/wp-content\/uploads\/2021\/03\/Julien-1-scaled-800x1200.jpg 800w, https:\/\/urbexplorer.dk\/wp-content\/uploads\/2021\/03\/Julien-1-200x300.jpg 200w, https:\/\/urbexplorer.dk\/wp-content\/uploads\/2021\/03\/Julien-1-1024x1536.jpg 1024w, https:\/\/urbexplorer.dk\/wp-content\/uploads\/2021\/03\/Julien-1-1365x2048.jpg 1365w, https:\/\/urbexplorer.dk\/wp-content\/uploads\/2021\/03\/Julien-1-867x1300.jpg 867w, https:\/\/urbexplorer.dk\/wp-content\/uploads\/2021\/03\/Julien-1-1280x1920.jpg 1280w, https:\/\/urbexplorer.dk\/wp-content\/uploads\/2021\/03\/Julien-1-scaled.jpg 1707w\" sizes=\"(max-width: 683px) 100vw, 683px\" \/><\/figure>\n\n\n\n<p><\/p>\n\n\n\n<p><\/p>\n\n\n\n<p><\/p>\n\n\n\n<p>7) Yvonne Schnell<\/p>\n\n\n\n<figure class=\"wp-block-image size-large\"><img loading=\"lazy\" width=\"1024\" height=\"1024\" src=\"https:\/\/urbexplorer.dk\/wp-content\/uploads\/2021\/03\/Yvonne-1024x1024.jpg\" alt=\"\" class=\"wp-image-2166\" srcset=\"https:\/\/urbexplorer.dk\/wp-content\/uploads\/2021\/03\/Yvonne-1024x1024.jpg 1024w, https:\/\/urbexplorer.dk\/wp-content\/uploads\/2021\/03\/Yvonne-scaled-100x100.jpg 100w, https:\/\/urbexplorer.dk\/wp-content\/uploads\/2021\/03\/Yvonne-scaled-800x800.jpg 800w, https:\/\/urbexplorer.dk\/wp-content\/uploads\/2021\/03\/Yvonne-300x300.jpg 300w, https:\/\/urbexplorer.dk\/wp-content\/uploads\/2021\/03\/Yvonne-140x140.jpg 140w, https:\/\/urbexplorer.dk\/wp-content\/uploads\/2021\/03\/Yvonne-1536x1536.jpg 1536w, https:\/\/urbexplorer.dk\/wp-content\/uploads\/2021\/03\/Yvonne-2048x2048.jpg 2048w, https:\/\/urbexplorer.dk\/wp-content\/uploads\/2021\/03\/Yvonne-867x867.jpg 867w, https:\/\/urbexplorer.dk\/wp-content\/uploads\/2021\/03\/Yvonne-1280x1280.jpg 1280w\" sizes=\"(max-width: 1024px) 100vw, 1024px\" \/><\/figure>\n\n\n\n<p><\/p>\n\n\n\n<p><\/p>\n\n\n\n<p><\/p>\n\n\n\n<p>8)  C\u00e9line Jeganathan <\/p>\n\n\n\n<figure class=\"wp-block-image size-large\"><img loading=\"lazy\" width=\"681\" height=\"1024\" src=\"https:\/\/urbexplorer.dk\/wp-content\/uploads\/2021\/03\/Celine-3-681x1024.jpg\" alt=\"\" class=\"wp-image-2159\" srcset=\"https:\/\/urbexplorer.dk\/wp-content\/uploads\/2021\/03\/Celine-3-681x1024.jpg 681w, https:\/\/urbexplorer.dk\/wp-content\/uploads\/2021\/03\/Celine-3-scaled-800x1203.jpg 800w, https:\/\/urbexplorer.dk\/wp-content\/uploads\/2021\/03\/Celine-3-200x300.jpg 200w, https:\/\/urbexplorer.dk\/wp-content\/uploads\/2021\/03\/Celine-3-1022x1536.jpg 1022w, https:\/\/urbexplorer.dk\/wp-content\/uploads\/2021\/03\/Celine-3-1363x2048.jpg 1363w, https:\/\/urbexplorer.dk\/wp-content\/uploads\/2021\/03\/Celine-3-867x1303.jpg 867w, https:\/\/urbexplorer.dk\/wp-content\/uploads\/2021\/03\/Celine-3-1280x1924.jpg 1280w, https:\/\/urbexplorer.dk\/wp-content\/uploads\/2021\/03\/Celine-3-scaled.jpg 1703w\" sizes=\"(max-width: 681px) 100vw, 681px\" \/><\/figure>\n\n\n\n<p>Prizes: A 250kr Kamera Huset gift card, 5 Duo Beers UECPH\/Br\u00f8l<\/p>\n\n\n\n<p><\/p>\n\n\n\n<hr class=\"wp-block-separator\"\/>\n\n\n\n<p>Efter den store begejstring skabt af de sidste udgaver, arrangeres endnu en Skattejagt p\u00e5 Amager mellem den 10. og den 17. marts! I  denne komplicerede tid er det vigtigere end nogensinde at forblive fysisk og kulturelt aktiv. Deltag i vores udend\u00f8rs skattejagt, tag dit  kamera og oplev nogle fantastiske steder p\u00e5 Amager!<\/p>\n\n\n\n<p>Vi  giver et online kort og nogle gode tips, og du vil v\u00e6re i stand til at opleve omkring 14 interessante steder  (parker, broer, urban kunst, forladte b\u00e5de&#8230;) &#8211; og til at tage kreative billeder. <\/p>\n\n\n\n<p>Alle er velkomne til denne sikre udend\u00f8rs gratis aktivitet, og b\u00e5de smartphones og kameraer kan bruges. Efter jagten v\u00e6lger vi de vindende fotos og pr\u00e6senterer dem p\u00e5 vores sociale medier.<\/p>\n\n\n\n<p>&#8211; Find de 14 steder (og deres skjulte mini plakater)<br>&#8211; Tag et kreativ billede af hvert sted eller eller dets n\u00e6re omgivelser  (det er ikke n\u00f8dvendigt at se mini-plakaterne p\u00e5 dine fotos) <br>&#8211; Send de bedste p\u00e5 Instagram med hashtaggen #uecph og<br>&#8211; Send dine 14 billeder til urbexplorer.cph@gmail.com senest den 20. Marts.<\/p>\n\n\n\n<p> (Ved at indsende dine fotos, tillader du UECPH og <a href=\"https:\/\/amageroestlokaludvalg.kk.dk\/\" target=\"_blank\" rel=\"noreferrer noopener\" aria-label=\"Amager \u00d8st lokaludvlag (opens in a new tab)\">Amager \u00d8st lokaludvlag<\/a> at bruge billederne p\u00e5 deres medier)<\/p>\n\n\n\n<p> (Plakat ved hj\u00e6lp af @jmperchet) <br>&#8212;<\/p>\n\n\n\n<p>After the big enthusiasm created by the last editions , another Treasure Hunt will be organized in Amager between the 10th and the 17th of March! During this complicated time, it&#8217;s more important than ever to stay physically and culturally active. Join our outdoor treasure hunt, grab your camera  and discover some great spots in Amager!<\/p>\n\n\n\n<p>We will provide an online map and some good tips, and you will be able to  discover 14 spots  (parks, bridges, urban arts, abandoned boats&#8230;) &#8211; and to take creative pictures.<\/p>\n\n\n\n<p>Everyone is welcome to this safe outdoor free activity, and both smartphones and cameras can be used. After the hunt, we will select the winning photos and present them on our social medias. <\/p>\n\n\n\n<p>&#8211; Find the 14 spots (and their hidden mini posters)<br>&#8211; Take a creative photo of each spot or its close surroundings (it is not required to see the mini posters on your photos)<br>&#8211; Post the best ones on Instagram with the hashtag <a href=\"https:\/\/www.facebook.com\/hashtag\/uecph?__eep__=6&amp;__cft__[0]=AZX0umyLcRKkz4SDgHer41dj9jp6_LhitBEu4IVv8adkUt3yQ7C8K1mIMMTj0TJJX31IPFnj6CtZaZ1T6jkFp5Oannn6CCJR5koE4sncox3cOMm0SNiuaaEonPxbC7NpfP9Kpwtf64D5zCvluCNVWzdc_zk1IM3M_FUymlwz8dsK_A&amp;__tn__=q\">#uecph<\/a> and<br>&#8211; Send your 14 photos to urbexplorer.cph@gmail.com the 20th of March at the latest.<\/p>\n\n\n\n<p>(By sending your photos, you allow UECPH and <a href=\"https:\/\/amageroestlokaludvalg.kk.dk\/\" target=\"_blank\" rel=\"noreferrer noopener\" aria-label=\"Amager \u00d8st Lokaludvalg (opens in a new tab)\">Amager \u00d8st Lokaludvalg<\/a> to use the pictures on their medias)<\/p>\n\n\n\n<p>(Poster with the help of @jmperchet) <\/p>\n","protected":false},"excerpt":{"rendered":"<p>Here are the results of the vote: 1) Yu Lin Lee 2) Eliaz Frimodt 3) Fred Frimodt 4) Salome Jeganathan<\/p>\n<p><a href=\"https:\/\/urbexplorer.dk\/index.php\/treasurehunt\/\" class=\"more-link\">Continue reading<span class=\"screen-reader-text\">Treasure Hunt Amager \u00d8st<\/span><\/a><\/p>\n","protected":false},"author":1,"featured_media":1666,"parent":0,"menu_order":0,"comment_status":"closed","ping_status":"closed","template":"","meta":[],"yoast_head":"<!-- This site is optimized with the Yoast SEO plugin v18.8 - https:\/\/yoast.com\/wordpress\/plugins\/seo\/ -->\n<title>Treasure Hunt Amager \u00d8st - Urban Explorer Copenhagen<\/title>\n<meta name=\"robots\" content=\"index, follow, max-snippet:-1, max-image-preview:large, max-video-preview:-1\" \/>\n<link rel=\"canonical\" href=\"https:\/\/urbexplorer.dk\/index.php\/treasurehunt\/\" \/>\n<meta property=\"og:locale\" content=\"en_US\" \/>\n<meta property=\"og:type\" content=\"article\" \/>\n<meta property=\"og:title\" content=\"Treasure Hunt Amager \u00d8st - Urban Explorer Copenhagen\" \/>\n<meta property=\"og:description\" content=\"Here are the results of the vote: 1) Yu Lin Lee 2) Eliaz Frimodt 3) Fred Frimodt 4) Salome JeganathanContinue readingTreasure Hunt Amager \u00d8st\" \/>\n<meta property=\"og:url\" content=\"https:\/\/urbexplorer.dk\/index.php\/treasurehunt\/\" \/>\n<meta property=\"og:site_name\" content=\"Urban Explorer Copenhagen\" \/>\n<meta property=\"article:publisher\" content=\"https:\/\/www.facebook.com\/uecph\" \/>\n<meta property=\"article:modified_time\" content=\"2021-04-08T15:21:04+00:00\" \/>\n<meta property=\"og:image\" content=\"https:\/\/urbexplorer.dk\/wp-content\/uploads\/2019\/12\/OEIL_UECPH_NOIR-page-001.jpg\" \/>\n\t<meta property=\"og:image:width\" content=\"1772\" \/>\n\t<meta property=\"og:image:height\" content=\"1772\" \/>\n\t<meta property=\"og:image:type\" content=\"image\/jpeg\" \/>\n<meta name=\"twitter:card\" content=\"summary_large_image\" \/>\n<meta name=\"twitter:label1\" content=\"Est. reading time\" \/>\n\t<meta name=\"twitter:data1\" content=\"2 minutes\" \/>\n<script type=\"application\/ld+json\" class=\"yoast-schema-graph\">{\"@context\":\"https:\/\/schema.org\",\"@graph\":[{\"@type\":\"WebSite\",\"@id\":\"https:\/\/urbexplorer.dk\/#website\",\"url\":\"https:\/\/urbexplorer.dk\/\",\"name\":\"Urban Explorer Copenhagen\",\"description\":\"\",\"potentialAction\":[{\"@type\":\"SearchAction\",\"target\":{\"@type\":\"EntryPoint\",\"urlTemplate\":\"https:\/\/urbexplorer.dk\/?s={search_term_string}\"},\"query-input\":\"required name=search_term_string\"}],\"inLanguage\":\"en-US\"},{\"@type\":\"ImageObject\",\"inLanguage\":\"en-US\",\"@id\":\"https:\/\/urbexplorer.dk\/index.php\/treasurehunt\/#primaryimage\",\"url\":\"https:\/\/urbexplorer.dk\/wp-content\/uploads\/2019\/12\/OEIL_UECPH_NOIR-page-001.jpg\",\"contentUrl\":\"https:\/\/urbexplorer.dk\/wp-content\/uploads\/2019\/12\/OEIL_UECPH_NOIR-page-001.jpg\",\"width\":1772,\"height\":1772},{\"@type\":\"WebPage\",\"@id\":\"https:\/\/urbexplorer.dk\/index.php\/treasurehunt\/#webpage\",\"url\":\"https:\/\/urbexplorer.dk\/index.php\/treasurehunt\/\",\"name\":\"Treasure Hunt Amager \u00d8st - Urban Explorer Copenhagen\",\"isPartOf\":{\"@id\":\"https:\/\/urbexplorer.dk\/#website\"},\"primaryImageOfPage\":{\"@id\":\"https:\/\/urbexplorer.dk\/index.php\/treasurehunt\/#primaryimage\"},\"datePublished\":\"2016-04-25T00:53:04+00:00\",\"dateModified\":\"2021-04-08T15:21:04+00:00\",\"breadcrumb\":{\"@id\":\"https:\/\/urbexplorer.dk\/index.php\/treasurehunt\/#breadcrumb\"},\"inLanguage\":\"en-US\",\"potentialAction\":[{\"@type\":\"ReadAction\",\"target\":[\"https:\/\/urbexplorer.dk\/index.php\/treasurehunt\/\"]}]},{\"@type\":\"BreadcrumbList\",\"@id\":\"https:\/\/urbexplorer.dk\/index.php\/treasurehunt\/#breadcrumb\",\"itemListElement\":[{\"@type\":\"ListItem\",\"position\":1,\"name\":\"Home\",\"item\":\"https:\/\/urbexplorer.dk\/\"},{\"@type\":\"ListItem\",\"position\":2,\"name\":\"Treasure Hunt Amager \u00d8st\"}]}]}<\/script>\n<!-- \/ Yoast SEO plugin. -->","yoast_head_json":{"title":"Treasure Hunt Amager \u00d8st - Urban Explorer Copenhagen","robots":{"index":"index","follow":"follow","max-snippet":"max-snippet:-1","max-image-preview":"max-image-preview:large","max-video-preview":"max-video-preview:-1"},"canonical":"https:\/\/urbexplorer.dk\/index.php\/treasurehunt\/","og_locale":"en_US","og_type":"article","og_title":"Treasure Hunt Amager \u00d8st - Urban Explorer Copenhagen","og_description":"Here are the results of the vote: 1) Yu Lin Lee 2) Eliaz Frimodt 3) Fred Frimodt 4) Salome JeganathanContinue readingTreasure Hunt Amager \u00d8st","og_url":"https:\/\/urbexplorer.dk\/index.php\/treasurehunt\/","og_site_name":"Urban Explorer Copenhagen","article_publisher":"https:\/\/www.facebook.com\/uecph","article_modified_time":"2021-04-08T15:21:04+00:00","og_image":[{"width":1772,"height":1772,"url":"https:\/\/urbexplorer.dk\/wp-content\/uploads\/2019\/12\/OEIL_UECPH_NOIR-page-001.jpg","type":"image\/jpeg"}],"twitter_card":"summary_large_image","twitter_misc":{"Est. reading time":"2 minutes"},"schema":{"@context":"https:\/\/schema.org","@graph":[{"@type":"WebSite","@id":"https:\/\/urbexplorer.dk\/#website","url":"https:\/\/urbexplorer.dk\/","name":"Urban Explorer Copenhagen","description":"","potentialAction":[{"@type":"SearchAction","target":{"@type":"EntryPoint","urlTemplate":"https:\/\/urbexplorer.dk\/?s={search_term_string}"},"query-input":"required name=search_term_string"}],"inLanguage":"en-US"},{"@type":"ImageObject","inLanguage":"en-US","@id":"https:\/\/urbexplorer.dk\/index.php\/treasurehunt\/#primaryimage","url":"https:\/\/urbexplorer.dk\/wp-content\/uploads\/2019\/12\/OEIL_UECPH_NOIR-page-001.jpg","contentUrl":"https:\/\/urbexplorer.dk\/wp-content\/uploads\/2019\/12\/OEIL_UECPH_NOIR-page-001.jpg","width":1772,"height":1772},{"@type":"WebPage","@id":"https:\/\/urbexplorer.dk\/index.php\/treasurehunt\/#webpage","url":"https:\/\/urbexplorer.dk\/index.php\/treasurehunt\/","name":"Treasure Hunt Amager \u00d8st - Urban Explorer Copenhagen","isPartOf":{"@id":"https:\/\/urbexplorer.dk\/#website"},"primaryImageOfPage":{"@id":"https:\/\/urbexplorer.dk\/index.php\/treasurehunt\/#primaryimage"},"datePublished":"2016-04-25T00:53:04+00:00","dateModified":"2021-04-08T15:21:04+00:00","breadcrumb":{"@id":"https:\/\/urbexplorer.dk\/index.php\/treasurehunt\/#breadcrumb"},"inLanguage":"en-US","potentialAction":[{"@type":"ReadAction","target":["https:\/\/urbexplorer.dk\/index.php\/treasurehunt\/"]}]},{"@type":"BreadcrumbList","@id":"https:\/\/urbexplorer.dk\/index.php\/treasurehunt\/#breadcrumb","itemListElement":[{"@type":"ListItem","position":1,"name":"Home","item":"https:\/\/urbexplorer.dk\/"},{"@type":"ListItem","position":2,"name":"Treasure Hunt Amager \u00d8st"}]}]}},"_links":{"self":[{"href":"https:\/\/urbexplorer.dk\/index.php\/wp-json\/wp\/v2\/pages\/103"}],"collection":[{"href":"https:\/\/urbexplorer.dk\/index.php\/wp-json\/wp\/v2\/pages"}],"about":[{"href":"https:\/\/urbexplorer.dk\/index.php\/wp-json\/wp\/v2\/types\/page"}],"author":[{"embeddable":true,"href":"https:\/\/urbexplorer.dk\/index.php\/wp-json\/wp\/v2\/users\/1"}],"replies":[{"embeddable":true,"href":"https:\/\/urbexplorer.dk\/index.php\/wp-json\/wp\/v2\/comments?post=103"}],"version-history":[{"count":87,"href":"https:\/\/urbexplorer.dk\/index.php\/wp-json\/wp\/v2\/pages\/103\/revisions"}],"predecessor-version":[{"id":2183,"href":"https:\/\/urbexplorer.dk\/index.php\/wp-json\/wp\/v2\/pages\/103\/revisions\/2183"}],"wp:featuredmedia":[{"embeddable":true,"href":"https:\/\/urbexplorer.dk\/index.php\/wp-json\/wp\/v2\/media\/1666"}],"wp:attachment":[{"href":"https:\/\/urbexplorer.dk\/index.php\/wp-json\/wp\/v2\/media?parent=103"}],"curies":[{"name":"wp","href":"https:\/\/api.w.org\/{rel}","templated":true}]}}